{"id":1104,"date":"2024-10-24T13:13:35","date_gmt":"2024-10-24T12:13:35","guid":{"rendered":"https:\/\/gemse.org\/?page_id=1104"},"modified":"2025-08-21T17:19:47","modified_gmt":"2025-08-21T16:19:47","slug":"aufbau","status":"publish","type":"page","link":"https:\/\/gemse.org\/sl\/das-projekt\/aufbau\/","title":{"rendered":"Struktura"},"content":{"rendered":"<figure id=\"attachment_1298\" style=\"width: 580px\"  class=\"wp-caption aligncenter\"><a href=\"https:\/\/gemse.org\/wp-content\/uploads\/2025\/02\/GemSe-Organigramm_20.02.2025-1.png\" target=\"_blank\" rel=\"noopener\"><img loading=\"lazy\" decoding=\"async\" class=\"wp-image-1298 size-large\" src=\"https:\/\/gemse.org\/wp-content\/uploads\/2025\/02\/GemSe-Organigramm_20.02.2025-1-1024x576.png\" alt=\"Strukturni na\u010drt, ki opisuje organizacijo GemSe. Organizacijska struktura je pojasnjena tudi v nadaljevanju besedila.\" width=\"580\" height=\"326\" srcset=\"https:\/\/gemse.org\/wp-content\/uploads\/2025\/02\/GemSe-Organigramm_20.02.2025-1-1024x576.png 1024w, https:\/\/gemse.org\/wp-content\/uploads\/2025\/02\/GemSe-Organigramm_20.02.2025-1-300x169.png 300w, https:\/\/gemse.org\/wp-content\/uploads\/2025\/02\/GemSe-Organigramm_20.02.2025-1-768x432.png 768w, https:\/\/gemse.org\/wp-content\/uploads\/2025\/02\/GemSe-Organigramm_20.02.2025-1-1536x864.png 1536w, https:\/\/gemse.org\/wp-content\/uploads\/2025\/02\/GemSe-Organigramm_20.02.2025-1-1200x675.png 1200w, https:\/\/gemse.org\/wp-content\/uploads\/2025\/02\/GemSe-Organigramm_20.02.2025-1.png 1920w\" sizes=\"auto, (max-width: 580px) 100vw, 580px\" \/><\/a><figcaption class=\"wp-caption-text\">Organizacijska shema zdru\u017eenja GemSe v nem\u0161kem jeziku<\/figcaption><\/figure>\n<p><span class=\"--l --r sentence_highlight\">Lokacija projekta je v lasti zdru\u017eenja \u201eGemSe &#8211; Gemeinsam Sein\u201c, ki se enkrat na leto sestane na svoji jesenski skup\u0161\u010dini. <\/span><span class=\"--l sentence_highlight\">Enkrat mese\u010dno poteka tudi spletno sre\u010danje GemSe, na katerem se razpravlja o aktualnih temah, te\u017eavah in projektih.<\/span><\/p>\n<p><span class=\"--l sentence_highlight\">Kolektiv sestavljajo naslednja podro\u010dja:<\/span><\/p>\n<ul>\n<li><span class=\"--l sentence_highlight\">Prebivalci stalno \u017eivijo na lokaciji (trenutno je to 6 oseb).<\/span><span class=\"--r sentence_highlight\"><br \/>\n<\/span><\/li>\n<li><span class=\"--l --r sentence_highlight\">Delovne skupine (AG) so dolgoro\u010dno dejavne za dolo\u010dene osrednje to\u010dke.<\/span><\/li>\n<li><span class=\"--l sentence_highlight\">Kombos je dejaven za za\u010dasne dogodke, projekte in skrbi.<\/span><\/li>\n<li><span class=\"--l sentence_highlight\">Sateliti so del kolektiva in tvorijo mre\u017eo, ki sega dale\u010d zunaj lokacije.<\/span><span class=\"--r sentence_highlight\"><br \/>\n<\/span><\/li>\n<li><span class=\"--l sentence_highlight\">Obiskovalci in organizatorji so vsi, ki bi radi za\u010dasno uporabljali prostor.<\/span><span class=\"--r sentence_highlight\"><br \/>\n<\/span><\/li>\n<li><span class=\"--l sentence_highlight\">Zlati dragulji podpirajo z rednimi donacijami za kritje stalnih stro\u0161kov.<\/span><\/li>\n<li><span class=\"--l sentence_highlight\">Neposredni posojilodajalci zagotavljajo finan\u010dno podporo za stro\u0161ke nakupa, preureditve in prenove.<\/span><span class=\"--r sentence_highlight\"><br \/>\n<\/span><span class=\"--r sentence_highlight\"><br \/>\n<\/span><\/li>\n<\/ul>\n<p>&nbsp;<\/p>\n","protected":false},"excerpt":{"rendered":"<p>Lokacija projekta je v lasti zdru\u017eenja \u201eGemSe &#8211; Gemeinsam Sein\u201c, ki se enkrat na leto sestane na svoji jesenski skup\u0161\u010dini. Enkrat mese\u010dno poteka tudi spletno sre\u010danje GemSe, na katerem se razpravlja o aktualnih temah, te\u017eavah in projektih. Kolektiv sestavljajo naslednja podro\u010dja: Prebivalci stalno \u017eivijo na lokaciji (trenutno je to 6 oseb). Delovne skupine (AG) so [&hellip;]<\/p>\n","protected":false},"author":1,"featured_media":0,"parent":69,"menu_order":1,"comment_status":"closed","ping_status":"closed","template":"","meta":{"_eb_attr":"","footnotes":""},"class_list":["post-1104","page","type-page","status-publish","hentry"],"_links":{"self":[{"href":"https:\/\/gemse.org\/sl\/wp-json\/wp\/v2\/pages\/1104","targetHints":{"allow":["GET"]}}],"collection":[{"href":"https:\/\/gemse.org\/sl\/wp-json\/wp\/v2\/pages"}],"about":[{"href":"https:\/\/gemse.org\/sl\/wp-json\/wp\/v2\/types\/page"}],"author":[{"embeddable":true,"href":"https:\/\/gemse.org\/sl\/wp-json\/wp\/v2\/users\/1"}],"replies":[{"embeddable":true,"href":"https:\/\/gemse.org\/sl\/wp-json\/wp\/v2\/comments?post=1104"}],"version-history":[{"count":36,"href":"https:\/\/gemse.org\/sl\/wp-json\/wp\/v2\/pages\/1104\/revisions"}],"predecessor-version":[{"id":1664,"href":"https:\/\/gemse.org\/sl\/wp-json\/wp\/v2\/pages\/1104\/revisions\/1664"}],"up":[{"embeddable":true,"href":"https:\/\/gemse.org\/sl\/wp-json\/wp\/v2\/pages\/69"}],"wp:attachment":[{"href":"https:\/\/gemse.org\/sl\/wp-json\/wp\/v2\/media?parent=1104"}],"curies":[{"name":"wp","href":"https:\/\/api.w.org\/{rel}","templated":true}]}}