{"id":209,"date":"2021-11-28T21:10:37","date_gmt":"2021-11-28T20:10:37","guid":{"rendered":"https:\/\/gemse.noblogs.org\/?page_id=209"},"modified":"2021-11-28T21:10:37","modified_gmt":"2021-11-28T20:10:37","slug":"info","status":"publish","type":"page","link":"https:\/\/gemse.org\/sl\/das-projekt\/finanzierung\/info\/","title":{"rendered":"Info"},"content":{"rendered":"<p>Wir haben ein DIY <a href=\"https:\/\/gemse.org\/wp-content\/uploads\/2021\/12\/gemse_vorstellung_2-1.m4v\" target=\"_blank\" rel=\"noopener\">Video<\/a> gedreht, in dem wir unsere Vision f\u00fcr die GemSe erkl\u00e4ren.<\/p>\n<p>In diesem <a href=\"https:\/\/gemse.org\/wp-content\/uploads\/2021\/12\/DK_Erklaerung.m4v\" target=\"_blank\" rel=\"noopener\">Video<\/a> erkl\u00e4ren wir, wie Direktkredite funktionieren und wie du uns bei der Finanzierung unterst\u00fctzen kannst.<\/p>\n<p><img loading=\"lazy\" decoding=\"async\" class=\"alignnone size-large wp-image-227\" src=\"http:\/\/gemse.noblogs.org\/files\/2021\/11\/gruppenfoto_gemse2-1024x768.jpeg\" alt=\"\" width=\"660\" height=\"495\" srcset=\"https:\/\/gemse.org\/wp-content\/uploads\/2021\/11\/gruppenfoto_gemse2-1024x768.jpeg 1024w, https:\/\/gemse.org\/wp-content\/uploads\/2021\/11\/gruppenfoto_gemse2-300x225.jpeg 300w, https:\/\/gemse.org\/wp-content\/uploads\/2021\/11\/gruppenfoto_gemse2-768x576.jpeg 768w, https:\/\/gemse.org\/wp-content\/uploads\/2021\/11\/gruppenfoto_gemse2-1536x1152.jpeg 1536w, https:\/\/gemse.org\/wp-content\/uploads\/2021\/11\/gruppenfoto_gemse2.jpeg 1600w\" sizes=\"auto, (max-width: 660px) 100vw, 660px\" \/><\/p>\n","protected":false},"excerpt":{"rendered":"<p>Wir haben ein DIY Video gedreht, in dem wir unsere Vision f\u00fcr die GemSe erkl\u00e4ren. In diesem Video erkl\u00e4ren wir, wie Direktkredite funktionieren und wie du uns bei der Finanzierung unterst\u00fctzen kannst.<\/p>\n","protected":false},"author":1,"featured_media":0,"parent":76,"menu_order":0,"comment_status":"closed","ping_status":"closed","template":"","meta":{"_eb_attr":"","footnotes":""},"class_list":["post-209","page","type-page","status-publish","hentry"],"_links":{"self":[{"href":"https:\/\/gemse.org\/sl\/wp-json\/wp\/v2\/pages\/209","targetHints":{"allow":["GET"]}}],"collection":[{"href":"https:\/\/gemse.org\/sl\/wp-json\/wp\/v2\/pages"}],"about":[{"href":"https:\/\/gemse.org\/sl\/wp-json\/wp\/v2\/types\/page"}],"author":[{"embeddable":true,"href":"https:\/\/gemse.org\/sl\/wp-json\/wp\/v2\/users\/1"}],"replies":[{"embeddable":true,"href":"https:\/\/gemse.org\/sl\/wp-json\/wp\/v2\/comments?post=209"}],"version-history":[{"count":0,"href":"https:\/\/gemse.org\/sl\/wp-json\/wp\/v2\/pages\/209\/revisions"}],"up":[{"embeddable":true,"href":"https:\/\/gemse.org\/sl\/wp-json\/wp\/v2\/pages\/76"}],"wp:attachment":[{"href":"https:\/\/gemse.org\/sl\/wp-json\/wp\/v2\/media?parent=209"}],"curies":[{"name":"wp","href":"https:\/\/api.w.org\/{rel}","templated":true}]}}