{"id":271,"date":"2022-02-21T18:02:27","date_gmt":"2022-02-21T17:02:27","guid":{"rendered":"https:\/\/gemse.noblogs.org\/?page_id=271"},"modified":"2026-03-26T23:19:15","modified_gmt":"2026-03-26T22:19:15","slug":"spenden","status":"publish","type":"page","link":"https:\/\/gemse.org\/sl\/spenden\/","title":{"rendered":"Podpora"},"content":{"rendered":"<p><strong>Neposredna posojila in donacije<\/strong><\/p>\n<p>Podprete nas lahko z neposrednimi posojili ali donacijami za ve\u010dje nalo\u017ebe, kot so prenove in obnove. Za ve\u010d informacij pi\u0161ite na: <a href=\"mailto:gemse_direktkredit@riseup.net\"><strong>gemse_direktkredit[at]riseup[dot]net<\/strong><\/a><\/p>\n<p><strong>Postanite &#8220;<em>zlati gams<\/em>&#8220;!<\/strong><\/p>\n<p>Za teko\u010de stro\u0161ke, kot so obratovalni stro\u0161ki, ki zna\u0161ajo pribli\u017eno 21.000 EUR na leto, smo veseli podpore v obliki &#8220;zlatega gamsa&#8221;. To pomeni, da se nas odlo\u010dite redno podpirati s prispevkom za stro\u0161ke poslovanja, na primer s trajnim, mese\u010dnim nakazilom v vi\u0161ini 5\/10\/20\/30 evrov na mesec.<\/p>\n<p>\u010ce nas \u017eelite podpreti z rednimi prispevki, pri nakazilu navedite zadevo \u00bbGolden Gams\u00ab.<\/p>\n<p>Tudi enkratni ali letni prispevki nam pomagajo pri nadaljnjem razvoju spletne strani. Pri enkratnih in nepravilnih prispevkih navedite zadevo \u00bbDonacija\u00ab.<\/p>\n<p>\u0160tevilka ra\u010duna Verein GemSe &#8211; Gemeinsam Sein (Zdru\u017eenje Gemse \u2013 Biti skupaj):<\/p>\n<p>IBAN: AT04 1400 0964 1012 6408<br \/>\nBIC: BAWAATWW<\/p>\n<p>&nbsp;<\/p>\n","protected":false},"excerpt":{"rendered":"<p>Neposredna posojila in donacije Podprete nas lahko z neposrednimi posojili ali donacijami za ve\u010dje nalo\u017ebe, kot so prenove in obnove. Za ve\u010d informacij pi\u0161ite na: gemse_direktkredit[at]riseup[dot]net Postanite &#8220;zlati gams&#8220;! Za teko\u010de stro\u0161ke, kot so obratovalni stro\u0161ki, ki zna\u0161ajo pribli\u017eno 21.000 EUR na leto, smo veseli podpore v obliki &#8220;zlatega gamsa&#8221;. To pomeni, da se nas [&hellip;]<\/p>\n","protected":false},"author":1,"featured_media":0,"parent":0,"menu_order":0,"comment_status":"closed","ping_status":"closed","template":"","meta":{"_eb_attr":"","footnotes":""},"class_list":["post-271","page","type-page","status-publish","hentry"],"_links":{"self":[{"href":"https:\/\/gemse.org\/sl\/wp-json\/wp\/v2\/pages\/271","targetHints":{"allow":["GET"]}}],"collection":[{"href":"https:\/\/gemse.org\/sl\/wp-json\/wp\/v2\/pages"}],"about":[{"href":"https:\/\/gemse.org\/sl\/wp-json\/wp\/v2\/types\/page"}],"author":[{"embeddable":true,"href":"https:\/\/gemse.org\/sl\/wp-json\/wp\/v2\/users\/1"}],"replies":[{"embeddable":true,"href":"https:\/\/gemse.org\/sl\/wp-json\/wp\/v2\/comments?post=271"}],"version-history":[{"count":26,"href":"https:\/\/gemse.org\/sl\/wp-json\/wp\/v2\/pages\/271\/revisions"}],"predecessor-version":[{"id":2258,"href":"https:\/\/gemse.org\/sl\/wp-json\/wp\/v2\/pages\/271\/revisions\/2258"}],"wp:attachment":[{"href":"https:\/\/gemse.org\/sl\/wp-json\/wp\/v2\/media?parent=271"}],"curies":[{"name":"wp","href":"https:\/\/api.w.org\/{rel}","templated":true}]}}