{"id":303,"date":"2022-05-30T15:24:14","date_gmt":"2022-05-30T13:24:14","guid":{"rendered":"https:\/\/gemse.noblogs.org\/?page_id=303"},"modified":"2026-04-17T07:08:41","modified_gmt":"2026-04-17T06:08:41","slug":"gemse-gemeinsam-sein-3","status":"publish","type":"page","link":"https:\/\/gemse.org\/sl\/","title":{"rendered":"GemSe &#8211; Biti skupaj"},"content":{"rendered":"\n<p><strong>Kollektiv und Verein \u201eGemSe \u2013 Gemeinsam Sein\u201c: <\/strong><br><strong>queer-feministisch, solidarisch, antifaschistisch und radikal z\u00e4rtlich.<\/strong><\/p>\n\n\n\n<p>GemSe je projektni prostor za prireditve, seminarje, delavnice in po\u010ditnice v Koro\u0161ki\/Koro\u0161ka. Tukaj so vsi dobrodo\u0161li.<\/p>\n\n\n\n<p>\u010ce \u017eeli\u0161 pre\u017eiveti po\u010ditnice v GemSe, pi\u0161i na <strong>gemse_buchen[at]riseup[dot]net<\/strong> ali uporabi na\u0161 obrazec za <a href=\"https:\/\/gemse.org\/sl\/freiraum\/buchen\/\" data-type=\"page\" data-id=\"1102\">rezervacijo<\/a>.<\/p>\n\n\n\n<p>Pod <a href=\"https:\/\/gemse.org\/category\/najnovejse-novice\/\" data-type=\"category\" data-id=\"13\">najnovej\u0161e novice<\/a> najde\u0161 na\u0161e prireditve. Kdo je povabljen, je navedeno v opisu prireditve.<\/p>\n\n\n\n<blockquote class=\"wp-block-quote is-layout-flow wp-block-quote-is-layout-flow\">\n<p>Mit &#8220;radikal z\u00e4rtlich&#8221; beziehen wir uns auf das Buch &#8220;Radikale Z\u00e4rtlichkeit&#8221; von \u015eeyda Kurt sowie das Kollektiv &#8220;Gesturing Towards Decolonial Futures&#8221;, das den Begriff &#8220;radical tenderness&#8221; verwendet.<\/p>\n<\/blockquote>\n\n\n\n\n<ul class=\"wp-block-latest-posts__list has-link-color wp-elements-fff2b9d25c1e4294785a254cc1b83be4 wp-block-latest-posts has-text-color has-secondary-color has-small-font-size\"><li><div class=\"wp-block-latest-posts__featured-image alignleft\"><img loading=\"lazy\" decoding=\"async\" width=\"150\" height=\"150\" src=\"https:\/\/gemse.org\/wp-content\/uploads\/2026\/02\/GemSe_DeepSweep_Mai2026-150x150.png\" class=\"attachment-thumbnail size-thumbnail wp-post-image\" alt=\"Tiefenreinigungstage in der GemSe vom 8. bis 10. Mai.\" style=\"\" srcset=\"https:\/\/gemse.org\/wp-content\/uploads\/2026\/02\/GemSe_DeepSweep_Mai2026-150x150.png 150w, https:\/\/gemse.org\/wp-content\/uploads\/2026\/02\/GemSe_DeepSweep_Mai2026-300x300.png 300w, https:\/\/gemse.org\/wp-content\/uploads\/2026\/02\/GemSe_DeepSweep_Mai2026.png 500w\" sizes=\"auto, (max-width: 150px) 100vw, 150px\" \/><\/div><a class=\"wp-block-latest-posts__post-title\" href=\"https:\/\/gemse.org\/sl\/tiefenreinigungstage-08-05-10-05-2026\/\">Tiefenreinigungstage 08.-10.05.2026<\/a><div class=\"wp-block-latest-posts__post-excerpt\">Was erwartet Dich? Ein Wochenende voller Reinigungsextase Befriedigende Vorher\/Nachher-Situationen Gl\u00e4nzende Oberfl\u00e4chen und strahlende Gesichter Die Chance,\u2026 <a class=\"wp-block-latest-posts__read-more\" href=\"https:\/\/gemse.org\/sl\/tiefenreinigungstage-08-05-10-05-2026\/\" rel=\"noopener noreferrer\">Preberite ve\u010d<span class=\"screen-reader-text\">: Tiefenreinigungstage 08.-10.05.2026<\/span><\/a><\/div><\/li>\n<li><div class=\"wp-block-latest-posts__featured-image alignleft\"><img loading=\"lazy\" decoding=\"async\" width=\"150\" height=\"150\" src=\"https:\/\/gemse.org\/wp-content\/uploads\/2026\/04\/VADA_GemSe_2-150x150.jpg\" class=\"attachment-thumbnail size-thumbnail wp-post-image\" alt=\"\" style=\"\" \/><\/div><a class=\"wp-block-latest-posts__post-title\" href=\"https:\/\/gemse.org\/sl\/vada-gastspiel-12-13-05-2026\/\">VADA Theater: &#8220;Liebe. Eine Frau zwischen Care-Arbeit und politischem Widerstand&#8221; 12. und 13.06.2026<\/a><div class=\"wp-block-latest-posts__post-excerpt\">Mit einem Gastspiel ist die Theatergruppe VADA aus Klagenfurt im Juni in der GemSe zu Gast.\u2026 <a class=\"wp-block-latest-posts__read-more\" href=\"https:\/\/gemse.org\/sl\/vada-gastspiel-12-13-05-2026\/\" rel=\"noopener noreferrer\">Preberite ve\u010d<span class=\"screen-reader-text\">: VADA Theater: &#8220;Liebe. Eine Frau zwischen Care-Arbeit und politischem Widerstand&#8221; 12. und 13.06.2026<\/span><\/a><\/div><\/li>\n<li><div class=\"wp-block-latest-posts__featured-image alignleft\"><img loading=\"lazy\" decoding=\"async\" width=\"150\" height=\"150\" src=\"https:\/\/gemse.org\/wp-content\/uploads\/2026\/03\/Skillsharing_eng_20260903_01-150x150.jpg\" class=\"attachment-thumbnail size-thumbnail wp-post-image\" alt=\"\" style=\"\" \/><\/div><a class=\"wp-block-latest-posts__post-title\" href=\"https:\/\/gemse.org\/sl\/skillsharing-wochenende-03-06-09-2026\/\">Skillsharing-Weekend 03.-06.09.2026<\/a><div class=\"wp-block-latest-posts__post-excerpt\">We warmly invite you to our Skillsharing Weekend at the GemSe! At this queer-feminist, solidarity-based community\u2026 <a class=\"wp-block-latest-posts__read-more\" href=\"https:\/\/gemse.org\/sl\/skillsharing-wochenende-03-06-09-2026\/\" rel=\"noopener noreferrer\">Preberite ve\u010d<span class=\"screen-reader-text\">: Skillsharing-Weekend 03.-06.09.2026<\/span><\/a><\/div><\/li>\n<li><div class=\"wp-block-latest-posts__featured-image alignleft\"><img loading=\"lazy\" decoding=\"async\" width=\"150\" height=\"150\" src=\"https:\/\/gemse.org\/wp-content\/uploads\/2025\/11\/murmeltier-150x150.jpg\" class=\"attachment-thumbnail size-thumbnail wp-post-image\" alt=\"\" style=\"\" srcset=\"https:\/\/gemse.org\/wp-content\/uploads\/2025\/11\/murmeltier-150x150.jpg 150w, https:\/\/gemse.org\/wp-content\/uploads\/2025\/11\/murmeltier-300x300.jpg 300w, https:\/\/gemse.org\/wp-content\/uploads\/2025\/11\/murmeltier-1024x1024.jpg 1024w, https:\/\/gemse.org\/wp-content\/uploads\/2025\/11\/murmeltier-768x768.jpg 768w, https:\/\/gemse.org\/wp-content\/uploads\/2025\/11\/murmeltier.jpg 1170w\" sizes=\"auto, (max-width: 150px) 100vw, 150px\" \/><\/div><a class=\"wp-block-latest-posts__post-title\" href=\"https:\/\/gemse.org\/sl\/murmeltierbau-erweitert-gemse\/\">Murmeltierbau raz\u0161iri GemSe<\/a><div class=\"wp-block-latest-posts__post-excerpt\">V zadnjih tednih je majhna skupina znotraj na\u0161e skupnosti za\u010dela vzpostavljati projekt \u201eMurmeltierbau\u201c. &#8220;Murmeltierbau&#8221; je dopolnilni\u2026 <a class=\"wp-block-latest-posts__read-more\" href=\"https:\/\/gemse.org\/sl\/murmeltierbau-erweitert-gemse\/\" rel=\"noopener noreferrer\">Preberite ve\u010d<span class=\"screen-reader-text\">: Murmeltierbau raz\u0161iri GemSe<\/span><\/a><\/div><\/li>\n<\/ul>","protected":false},"excerpt":{"rendered":"<p>Kollektiv und Verein \u201eGemSe \u2013 Gemeinsam Sein\u201c: queer-feministisch, solidarisch, antifaschistisch und radikal z\u00e4rtlich. GemSe je projektni prostor za prireditve, seminarje, delavnice in po\u010ditnice v Koro\u0161ki\/Koro\u0161ka. Tukaj so vsi dobrodo\u0161li. \u010ce \u017eeli\u0161 pre\u017eiveti po\u010ditnice v GemSe, pi\u0161i na gemse_buchen[at]riseup[dot]net ali uporabi na\u0161 obrazec za rezervacijo. Pod najnovej\u0161e novice najde\u0161 na\u0161e prireditve. Kdo je povabljen, je navedeno [&hellip;]<\/p>\n","protected":false},"author":1,"featured_media":401,"parent":0,"menu_order":0,"comment_status":"closed","ping_status":"closed","template":"templates\/template-full-width.php","meta":{"_eb_attr":"","footnotes":""},"class_list":["post-303","page","type-page","status-publish","has-post-thumbnail","hentry"],"_links":{"self":[{"href":"https:\/\/gemse.org\/sl\/wp-json\/wp\/v2\/pages\/303","targetHints":{"allow":["GET"]}}],"collection":[{"href":"https:\/\/gemse.org\/sl\/wp-json\/wp\/v2\/pages"}],"about":[{"href":"https:\/\/gemse.org\/sl\/wp-json\/wp\/v2\/types\/page"}],"author":[{"embeddable":true,"href":"https:\/\/gemse.org\/sl\/wp-json\/wp\/v2\/users\/1"}],"replies":[{"embeddable":true,"href":"https:\/\/gemse.org\/sl\/wp-json\/wp\/v2\/comments?post=303"}],"version-history":[{"count":115,"href":"https:\/\/gemse.org\/sl\/wp-json\/wp\/v2\/pages\/303\/revisions"}],"predecessor-version":[{"id":2321,"href":"https:\/\/gemse.org\/sl\/wp-json\/wp\/v2\/pages\/303\/revisions\/2321"}],"wp:featuredmedia":[{"embeddable":true,"href":"https:\/\/gemse.org\/sl\/wp-json\/wp\/v2\/media\/401"}],"wp:attachment":[{"href":"https:\/\/gemse.org\/sl\/wp-json\/wp\/v2\/media?parent=303"}],"curies":[{"name":"wp","href":"https:\/\/api.w.org\/{rel}","templated":true}]}}