{"id":472,"date":"2023-04-15T10:47:29","date_gmt":"2023-04-15T08:47:29","guid":{"rendered":"https:\/\/gemse.noblogs.org\/?page_id=472"},"modified":"2025-09-11T16:29:47","modified_gmt":"2025-09-11T15:29:47","slug":"mitmachen","status":"publish","type":"page","link":"https:\/\/gemse.org\/sl\/mitmachen\/","title":{"rendered":"Sodelujte"},"content":{"rendered":"<p class=\"Textbody\"><b>Delovne skupine in GemSe sateliti<\/b><\/p>\n<p class=\"Textbody\">GemSe uspeva tudi tako, da sodeluje v delovnih skupinah in z ljudmi, ki podpirajo GemSe z drugih lokacij ali pa za\u010dasno, na kraju samem (to so GemSe sateliti).<\/p>\n<p class=\"Textbody\">V GemSe obstajajo delovne skupine, ki se ukvarjajo z razli\u010dnimi temami, kot so var\u010devanje z energijo, sledenje financam, delitev privilegijev, delo na podro\u010dju odnosov z javnostmi ali delo s \u010debelami.<\/p>\n<p class=\"Textbody\"><b>Delovne akcije<\/b><\/p>\n<p class=\"Textbody\">Ve\u010dkrat na leto organiziramo &#8220;udarni\u0161ke delovne akcije&#8221;, namenjene re\u0161itvi manj\u0161ih ali ve\u010djih gradbenih del v GemSe. Na njih vija\u010dimo, gradimo, kuhamo, jemo, pleskamo in delamo skupaj. \u010ce \u017eelite pri tem sodelovati tudi ve_i, se prijavite na naslednji &#8220;Anpacktage&#8221;. Ve\u010d informacij najdete v razdelku Novice.<\/p>\n<figure id=\"attachment_498\" style=\"width: 1500px\"  class=\"wp-caption aligncenter\"><img loading=\"lazy\" decoding=\"async\" class=\"wp-image-498 size-full\" src=\"https:\/\/gemse.org\/wp-content\/uploads\/2023\/06\/Anpacktage-GemSe-2023-c-Carolina-Frank_FR_1561.jpg\" alt=\"A person wearing work and protective clothing is kneeling in front of a wall, drilling holes for laying electrical cables.\" width=\"1500\" height=\"1000\" srcset=\"https:\/\/gemse.org\/wp-content\/uploads\/2023\/06\/Anpacktage-GemSe-2023-c-Carolina-Frank_FR_1561.jpg 1500w, https:\/\/gemse.org\/wp-content\/uploads\/2023\/06\/Anpacktage-GemSe-2023-c-Carolina-Frank_FR_1561-300x200.jpg 300w, https:\/\/gemse.org\/wp-content\/uploads\/2023\/06\/Anpacktage-GemSe-2023-c-Carolina-Frank_FR_1561-1024x683.jpg 1024w, https:\/\/gemse.org\/wp-content\/uploads\/2023\/06\/Anpacktage-GemSe-2023-c-Carolina-Frank_FR_1561-768x512.jpg 768w\" sizes=\"auto, (max-width: 1500px) 100vw, 1500px\" \/><figcaption class=\"wp-caption-text\">Anpacktage GemSe April 2023 (c) Carolina Frank<\/figcaption><\/figure>\n<figure id=\"attachment_500\" style=\"width: 1500px\"  class=\"wp-caption aligncenter\"><img loading=\"lazy\" decoding=\"async\" class=\"wp-image-500 size-full\" src=\"https:\/\/gemse.org\/wp-content\/uploads\/2023\/06\/Anpacktage-GemSe-2023-c-Carolina-Frank_FR_1281.jpg\" alt=\"Three people wearing full-body protective clothing work together to carry a large sack of building materials out of the attic window.\" width=\"1500\" height=\"1000\" srcset=\"https:\/\/gemse.org\/wp-content\/uploads\/2023\/06\/Anpacktage-GemSe-2023-c-Carolina-Frank_FR_1281.jpg 1500w, https:\/\/gemse.org\/wp-content\/uploads\/2023\/06\/Anpacktage-GemSe-2023-c-Carolina-Frank_FR_1281-300x200.jpg 300w, https:\/\/gemse.org\/wp-content\/uploads\/2023\/06\/Anpacktage-GemSe-2023-c-Carolina-Frank_FR_1281-1024x683.jpg 1024w, https:\/\/gemse.org\/wp-content\/uploads\/2023\/06\/Anpacktage-GemSe-2023-c-Carolina-Frank_FR_1281-768x512.jpg 768w\" sizes=\"auto, (max-width: 1500px) 100vw, 1500px\" \/><figcaption class=\"wp-caption-text\">Anpacktage GemSe April 2023 (c) Carolina Frank<\/figcaption><\/figure>\n","protected":false},"excerpt":{"rendered":"<p>Delovne skupine in GemSe sateliti GemSe uspeva tudi tako, da sodeluje v delovnih skupinah in z ljudmi, ki podpirajo GemSe z drugih lokacij ali pa za\u010dasno, na kraju samem (to so GemSe sateliti). V GemSe obstajajo delovne skupine, ki se ukvarjajo z razli\u010dnimi temami, kot so var\u010devanje z energijo, sledenje financam, delitev privilegijev, delo na [&hellip;]<\/p>\n","protected":false},"author":1,"featured_media":0,"parent":0,"menu_order":0,"comment_status":"closed","ping_status":"closed","template":"","meta":{"_eb_attr":"","footnotes":""},"class_list":["post-472","page","type-page","status-publish","hentry"],"_links":{"self":[{"href":"https:\/\/gemse.org\/sl\/wp-json\/wp\/v2\/pages\/472","targetHints":{"allow":["GET"]}}],"collection":[{"href":"https:\/\/gemse.org\/sl\/wp-json\/wp\/v2\/pages"}],"about":[{"href":"https:\/\/gemse.org\/sl\/wp-json\/wp\/v2\/types\/page"}],"author":[{"embeddable":true,"href":"https:\/\/gemse.org\/sl\/wp-json\/wp\/v2\/users\/1"}],"replies":[{"embeddable":true,"href":"https:\/\/gemse.org\/sl\/wp-json\/wp\/v2\/comments?post=472"}],"version-history":[{"count":7,"href":"https:\/\/gemse.org\/sl\/wp-json\/wp\/v2\/pages\/472\/revisions"}],"predecessor-version":[{"id":1712,"href":"https:\/\/gemse.org\/sl\/wp-json\/wp\/v2\/pages\/472\/revisions\/1712"}],"wp:attachment":[{"href":"https:\/\/gemse.org\/sl\/wp-json\/wp\/v2\/media?parent=472"}],"curies":[{"name":"wp","href":"https:\/\/api.w.org\/{rel}","templated":true}]}}