{"id":69,"date":"2021-11-05T20:00:21","date_gmt":"2021-11-05T19:00:21","guid":{"rendered":"https:\/\/gemse.noblogs.org\/?page_id=69"},"modified":"2026-04-21T18:51:56","modified_gmt":"2026-04-21T17:51:56","slug":"das-projekt","status":"publish","type":"page","link":"https:\/\/gemse.org\/sl\/das-projekt\/","title":{"rendered":"Projekt"},"content":{"rendered":"<p>&#8220;GemSe &#8211; Gemeinsam Sein&#8221; je kvirovsko-feministi\u010dni projektni prostor v nekdanji pode\u017eelski gostilni v kraju Wertschach\/Dvor\u010de v Ziljski dolini.<\/p>\n<figure id=\"attachment_505\" style=\"width: 1500px\"  class=\"wp-caption aligncenter\"><img loading=\"lazy\" decoding=\"async\" class=\"wp-image-505 size-full\" src=\"https:\/\/gemse.org\/wp-content\/uploads\/2023\/06\/Anpacktage-GemSe-2023-c-Carolina-Frank_FR_1865.jpg\" alt=\"\u0160\u010dit z logotipom Gemse, gamzom in napisom Gemse dr\u017ei oseba, ki gleda izza \u0161\u010dita. \" width=\"1500\" height=\"1000\" srcset=\"https:\/\/gemse.org\/wp-content\/uploads\/2023\/06\/Anpacktage-GemSe-2023-c-Carolina-Frank_FR_1865.jpg 1500w, https:\/\/gemse.org\/wp-content\/uploads\/2023\/06\/Anpacktage-GemSe-2023-c-Carolina-Frank_FR_1865-300x200.jpg 300w, https:\/\/gemse.org\/wp-content\/uploads\/2023\/06\/Anpacktage-GemSe-2023-c-Carolina-Frank_FR_1865-1024x683.jpg 1024w, https:\/\/gemse.org\/wp-content\/uploads\/2023\/06\/Anpacktage-GemSe-2023-c-Carolina-Frank_FR_1865-768x512.jpg 768w\" sizes=\"auto, (max-width: 1500px) 100vw, 1500px\" \/><figcaption class=\"wp-caption-text\">(c) Carolina Frank<\/figcaption><\/figure>\n<p>Gostilna je bila leta 2021 odkupljena s strani kolektiva, formaliziranega kot dru\u0161tvo ter s svojimi kapacitetami ponuja veliko raznolikih mo\u017enosti in dosti prostora. <span lang=\"en-GB\">GemSe se vidi kot queer-feministi\u010dni prostor, ki ga organizira in upravlja FLINTA* (\u017eenski, lezbi\u010dni, interspolni, nebinarni, trans, nespolni*). <\/span><span lang=\"en-GB\">Nekateri dogodki so namenjeni samo FLINTA* &#8211; to je potem jasno objavljeno.<\/span><\/p>\n<p>Na voljo je ve\u010d kot 700 m\u00b2 bivalnih in projektnih prostorov ter 6000 m\u00b2 zemlje; tu so tudi delavnice, hlev in senik ter veliko prostora za po\u010ditnice in brezdelje, za seminarje, oddihe, tabore skupin in dogodke vseh vrst. Na voljo sta tudi brezpla\u010dna trgovina Kostnix in knji\u017enica GemSe ter prostor za gojenje zelenjave in presajanje rastlin. V prihodnosti razmi\u0161ljamo tudi o elektri\u010dni delavnici za FLINTA* osebe, delavnici za popravila in delovnem usposabljanju za mlade FLINTA* osebe.<\/p>\n<p>Navdihuje nas zamisel, da bi ustvarile_i kraj, ki bi bil lahko zato\u010di\u0161\u010de in prostor preobrazbe tudi za prihodnje generacije.<\/p>\n<p><img loading=\"lazy\" decoding=\"async\" class=\"aligncenter wp-image-284 size-full\" src=\"https:\/\/gemse.org\/wp-content\/uploads\/2022\/02\/gemse_sicht_dobratsch.jpeg\" alt=\"Gora na severovzhodu Gemse, imenovana Dobra\u010d.\" width=\"1600\" height=\"1200\" \/><\/p>\n<p>V svetu, kjer vse bolj o\u017eivljajajo tako fa\u0161izem in desni\u010darstvo, kot patriarhalni odnosi, globoko zakoreninjen in normaliziran rasizem ter vse bolj pogolten kapitalizem z vsemi svojimi posledicami, se nam zdi bolj kot kdaj prej pomembno ustvarjati prostore, kjer se lahko dogajajo spremembe, kjer se stvarjajo gibanja in spletajo nova sre\u010danja.<\/p>\n<p>Veliko smisla vidimo tudi v gradnji struktur prav na pode\u017eelju, ne le v mestnih sredi\u0161\u010dih.<\/p>\n<p>Da bi to delovalo, potrebujemo somi\u0161ljenice_ke, to je ljudi, ki na te zadeve gledajo tako kot me_i.<\/p>\n<p>&nbsp;<\/p>\n","protected":false},"excerpt":{"rendered":"<p>&#8220;GemSe &#8211; Gemeinsam Sein&#8221; je kvirovsko-feministi\u010dni projektni prostor v nekdanji pode\u017eelski gostilni v kraju Wertschach\/Dvor\u010de v Ziljski dolini. Gostilna je bila leta 2021 odkupljena s strani kolektiva, formaliziranega kot dru\u0161tvo ter s svojimi kapacitetami ponuja veliko raznolikih mo\u017enosti in dosti prostora. GemSe se vidi kot queer-feministi\u010dni prostor, ki ga organizira in upravlja FLINTA* (\u017eenski, lezbi\u010dni, [&hellip;]<\/p>\n","protected":false},"author":1,"featured_media":0,"parent":0,"menu_order":0,"comment_status":"closed","ping_status":"closed","template":"","meta":{"_eb_attr":"","footnotes":""},"class_list":["post-69","page","type-page","status-publish","hentry"],"_links":{"self":[{"href":"https:\/\/gemse.org\/sl\/wp-json\/wp\/v2\/pages\/69","targetHints":{"allow":["GET"]}}],"collection":[{"href":"https:\/\/gemse.org\/sl\/wp-json\/wp\/v2\/pages"}],"about":[{"href":"https:\/\/gemse.org\/sl\/wp-json\/wp\/v2\/types\/page"}],"author":[{"embeddable":true,"href":"https:\/\/gemse.org\/sl\/wp-json\/wp\/v2\/users\/1"}],"replies":[{"embeddable":true,"href":"https:\/\/gemse.org\/sl\/wp-json\/wp\/v2\/comments?post=69"}],"version-history":[{"count":22,"href":"https:\/\/gemse.org\/sl\/wp-json\/wp\/v2\/pages\/69\/revisions"}],"predecessor-version":[{"id":690,"href":"https:\/\/gemse.org\/sl\/wp-json\/wp\/v2\/pages\/69\/revisions\/690"}],"wp:attachment":[{"href":"https:\/\/gemse.org\/sl\/wp-json\/wp\/v2\/media?parent=69"}],"curies":[{"name":"wp","href":"https:\/\/api.w.org\/{rel}","templated":true}]}}