{"id":73,"date":"2021-11-05T20:00:41","date_gmt":"2021-11-05T19:00:41","guid":{"rendered":"https:\/\/gemse.noblogs.org\/?page_id=73"},"modified":"2025-09-08T21:00:48","modified_gmt":"2025-09-08T20:00:48","slug":"vision","status":"publish","type":"page","link":"https:\/\/gemse.org\/sl\/das-projekt\/vision\/","title":{"rendered":"Vizija"},"content":{"rendered":"<h5><strong>&#8220;Varen&#8221; prostor in medprese\u010dna praksa<\/strong><\/h5>\n<p>GemSe ustvarja prostor za eksperimentiranje z druga\u010dnimi \u017eivljenjskimi slogi, prostor za u\u010denje in delo. In to zelo prakti\u010dno, z obema nogama trdno na tleh.<\/p>\n<p>Z delavnicami, vrtom, kuhinjo in vsem, kar sodi zraven. Prostor, ki lahko daje smisel in zagotavlja zavetje ljudem, ki ga potrebujejo. Ta prostor je karseda medprese\u010den.<\/p>\n<h5><strong>Kvirovsko-feministi\u010den in kriti\u010den do patriarhata<\/strong><\/h5>\n<p>Med ostalimi, je na\u0161e osnovno razumevanje kvirovsko-feministi\u010dno, kar pomeni, da jasno naslavljamo patriarhat kot vir \u0161tevilnih dru\u017ebenih problemov. V GemSe nam gre za preizku\u0161anje in razvijanje struktur, ki lahko nadomestijo patriarhalni in kapitalisti\u010dni tok na\u0161e sedanje dru\u017ebe, predvsem z vzpostavljanjem druga\u010dnih odnosov in z radikalno ne\u017enostjo.<\/p>\n<p><img loading=\"lazy\" decoding=\"async\" class=\"aligncenter wp-image-1344 size-large\" src=\"https:\/\/gemse.org\/wp-content\/uploads\/2025\/03\/GemSe_Schriftzug-1024x768.jpg\" alt=\"GemSe napis.\" width=\"580\" height=\"435\" srcset=\"https:\/\/gemse.org\/wp-content\/uploads\/2025\/03\/GemSe_Schriftzug-1024x768.jpg 1024w, https:\/\/gemse.org\/wp-content\/uploads\/2025\/03\/GemSe_Schriftzug-300x225.jpg 300w, https:\/\/gemse.org\/wp-content\/uploads\/2025\/03\/GemSe_Schriftzug-768x576.jpg 768w, https:\/\/gemse.org\/wp-content\/uploads\/2025\/03\/GemSe_Schriftzug-1536x1152.jpg 1536w, https:\/\/gemse.org\/wp-content\/uploads\/2025\/03\/GemSe_Schriftzug-1200x900.jpg 1200w, https:\/\/gemse.org\/wp-content\/uploads\/2025\/03\/GemSe_Schriftzug.jpg 1600w\" sizes=\"auto, (max-width: 580px) 100vw, 580px\" \/><\/p>\n<h5><strong>Delitev denarja in dohodka<\/strong><\/h5>\n<p>Ker kapitalizem z vsemi svojimi posledicami prispeva k temu, da ljudje \u017eivimo v negotovih razmerah, v katerih nimamo ne \u010dasa ne energije, da bi se lotili potrebnih sprememb, v Gemse \u017eivimo skupnostno ekonomijo, zato da bi drug_a drugo_ega podprle_i pri u\u010denju druga\u010dnih oblik ekonomskih dejavnosti in jih nenazadnje tudi ponesle_i v svet.<\/p>\n<h5><strong>Kolektivizacija zemlje in tal<\/strong><\/h5>\n<p>To vklju\u010duje tudi kolektivizacijo lastni\u0161tva. Vse kar smo in \u0161e bomo kupile_i, kupujemo kot dru\u0161tvo, kot zdru\u017eenje. S tem smo dosegle_i trajni umik tega dragocenega prostora s trga nepremi\u010dnin in ga iztrgale_i obi\u010dajni logiki dedovanja.<\/p>\n<p><img loading=\"lazy\" decoding=\"async\" class=\"aligncenter wp-image-1343 size-large\" src=\"https:\/\/gemse.org\/wp-content\/uploads\/2025\/03\/GemSe_Heustadl-e1741101316993-1024x860.jpg\" alt=\"GemSe Heustadl z leseno kopico na desni strani slike.\" width=\"580\" height=\"487\" srcset=\"https:\/\/gemse.org\/wp-content\/uploads\/2025\/03\/GemSe_Heustadl-e1741101316993-1024x860.jpg 1024w, https:\/\/gemse.org\/wp-content\/uploads\/2025\/03\/GemSe_Heustadl-e1741101316993-300x252.jpg 300w, https:\/\/gemse.org\/wp-content\/uploads\/2025\/03\/GemSe_Heustadl-e1741101316993-768x645.jpg 768w, https:\/\/gemse.org\/wp-content\/uploads\/2025\/03\/GemSe_Heustadl-e1741101316993.jpg 1200w\" sizes=\"auto, (max-width: 580px) 100vw, 580px\" \/><\/p>\n<h5><strong>Ohranjanje ekolo\u0161kih in dru\u017ebenih virov<\/strong><\/h5>\n<p>V sredici na\u0161ih zavzemanj sta skrb za regionalno gospodarstvo in na\u0161o neposredno dru\u017ebeno sestavo, saj menimo, da so prav drobno kmetijstvo, lokalni dru\u017ebeni in gospodarski krogotoki ter skrbna raba virov osrednji elementi sprememb, ki jih \u017eelimo videti v svetu, ki ga zaznamujejo podnebna, socialna in zdravstvena kriza.<\/p>\n<h5><strong>Ve\u010d raznolikosti<\/strong><\/h5>\n<p>Raznolikost je za nas pomembna. Zato smo protifa\u0161istke_i in protirasistke_i ter skrajno resno jemljemo trenutna avtoritarna in desni\u010darska konzervativna dogajanja.<\/p>\n","protected":false},"excerpt":{"rendered":"<p>&#8220;Varen&#8221; prostor in medprese\u010dna praksa GemSe ustvarja prostor za eksperimentiranje z druga\u010dnimi \u017eivljenjskimi slogi, prostor za u\u010denje in delo. In to zelo prakti\u010dno, z obema nogama trdno na tleh. Z delavnicami, vrtom, kuhinjo in vsem, kar sodi zraven. Prostor, ki lahko daje smisel in zagotavlja zavetje ljudem, ki ga potrebujejo. Ta prostor je karseda medprese\u010den. [&hellip;]<\/p>\n","protected":false},"author":1,"featured_media":0,"parent":69,"menu_order":0,"comment_status":"closed","ping_status":"closed","template":"","meta":{"_eb_attr":"","footnotes":""},"class_list":["post-73","page","type-page","status-publish","hentry"],"_links":{"self":[{"href":"https:\/\/gemse.org\/sl\/wp-json\/wp\/v2\/pages\/73","targetHints":{"allow":["GET"]}}],"collection":[{"href":"https:\/\/gemse.org\/sl\/wp-json\/wp\/v2\/pages"}],"about":[{"href":"https:\/\/gemse.org\/sl\/wp-json\/wp\/v2\/types\/page"}],"author":[{"embeddable":true,"href":"https:\/\/gemse.org\/sl\/wp-json\/wp\/v2\/users\/1"}],"replies":[{"embeddable":true,"href":"https:\/\/gemse.org\/sl\/wp-json\/wp\/v2\/comments?post=73"}],"version-history":[{"count":20,"href":"https:\/\/gemse.org\/sl\/wp-json\/wp\/v2\/pages\/73\/revisions"}],"predecessor-version":[{"id":1692,"href":"https:\/\/gemse.org\/sl\/wp-json\/wp\/v2\/pages\/73\/revisions\/1692"}],"up":[{"embeddable":true,"href":"https:\/\/gemse.org\/sl\/wp-json\/wp\/v2\/pages\/69"}],"wp:attachment":[{"href":"https:\/\/gemse.org\/sl\/wp-json\/wp\/v2\/media?parent=73"}],"curies":[{"name":"wp","href":"https:\/\/api.w.org\/{rel}","templated":true}]}}