{"id":76,"date":"2021-11-05T20:00:54","date_gmt":"2021-11-05T19:00:54","guid":{"rendered":"https:\/\/gemse.noblogs.org\/?page_id=76"},"modified":"2026-03-26T23:29:05","modified_gmt":"2026-03-26T22:29:05","slug":"finanzierung","status":"publish","type":"page","link":"https:\/\/gemse.org\/sl\/das-projekt\/finanzierung\/","title":{"rendered":"Financiranje"},"content":{"rendered":"<div id=\"magicdomid20\" class=\"ace-line\">\n<p class=\"Textbody\"><span class=\"StrongEmphasis\">Konec leta 2021 smo znesek za nakup posestva in gostilne pla\u010dale_i z neposrednimi posojili.<\/span><\/p>\n<p class=\"Textbody\"><span class=\"StrongEmphasis\">Neposredna posojila so zanimiv na\u010din, kako lahko svoj denar, ki le\u017ei v bankah in se uporablja za netransparentne nalo\u017ebe, vlo\u017eimo tja, kjer ga dejansko potrebujemo.<\/span><\/p>\n<p class=\"Textbody\"><span class=\"StrongEmphasis\">Pri nas lahko v praksi vidite, kam gre tako vlo\u017een denar, ki ste ga nalo\u017eili v emancipatorni projekt in za bolj\u0161o prihodnost. Smo v dialogu z mre\u017eo habiTAT, njihovo strokovno znanje nam je na voljo za vsa pravna vpra\u0161anja.<\/span><\/p>\n<p class=\"Textbody\"><span class=\"StrongEmphasis\">\u010ce ste zainteresirane_i, da nas finan\u010dno podprete in pokrijete teko\u010de stro\u0161ke za obnovitvena dela in obratovalne stro\u0161ke, vam bomo z veseljem poslale_i vse informacije in pogodbo o neposrednem posojilu, da jo preberete. Pi\u0161ite na <a href=\"mailto:gemse_gailtal@riseup.net\">gemse_gailtal@riseup.net<\/a>.<\/span><\/p>\n<p class=\"Textbody\"><span class=\"StrongEmphasis\">Projekt lahko podprete tudi kot <i>Zlati gams (Goldene Gams)<\/i>. Ve\u010d informacij najdete <a href=\"https:\/\/gemse.org\/sl\/spenden\/\"><u>tukaj<\/u><\/a>.<br \/>\n<\/span><\/p>\n<\/div>\n<p><img loading=\"lazy\" decoding=\"async\" class=\"aligncenter size-large wp-image-1542\" src=\"https:\/\/gemse.org\/wp-content\/uploads\/2025\/06\/GemSe_sagt-Danke-819x1024.jpg\" alt=\"Dieses Jahr erh\u00e4lt die GemSe finanzielle Unterst\u00fctzung von ProEuropean Values AT, Kofinanziert von der Europ\u00e4ischen Union.\" width=\"580\" height=\"725\" srcset=\"https:\/\/gemse.org\/wp-content\/uploads\/2025\/06\/GemSe_sagt-Danke-819x1024.jpg 819w, https:\/\/gemse.org\/wp-content\/uploads\/2025\/06\/GemSe_sagt-Danke-240x300.jpg 240w, https:\/\/gemse.org\/wp-content\/uploads\/2025\/06\/GemSe_sagt-Danke-768x960.jpg 768w, https:\/\/gemse.org\/wp-content\/uploads\/2025\/06\/GemSe_sagt-Danke.jpg 1080w\" sizes=\"auto, (max-width: 580px) 100vw, 580px\" \/><\/p>\n<div class=\"ace-line\"><\/div>\n<div><\/div>\n<p>&nbsp;<\/p>\n","protected":false},"excerpt":{"rendered":"<p>Konec leta 2021 smo znesek za nakup posestva in gostilne pla\u010dale_i z neposrednimi posojili. Neposredna posojila so zanimiv na\u010din, kako lahko svoj denar, ki le\u017ei v bankah in se uporablja za netransparentne nalo\u017ebe, vlo\u017eimo tja, kjer ga dejansko potrebujemo. Pri nas lahko v praksi vidite, kam gre tako vlo\u017een denar, ki ste ga nalo\u017eili v [&hellip;]<\/p>\n","protected":false},"author":1,"featured_media":0,"parent":69,"menu_order":0,"comment_status":"closed","ping_status":"closed","template":"","meta":{"_eb_attr":"","footnotes":""},"class_list":["post-76","page","type-page","status-publish","hentry"],"_links":{"self":[{"href":"https:\/\/gemse.org\/sl\/wp-json\/wp\/v2\/pages\/76","targetHints":{"allow":["GET"]}}],"collection":[{"href":"https:\/\/gemse.org\/sl\/wp-json\/wp\/v2\/pages"}],"about":[{"href":"https:\/\/gemse.org\/sl\/wp-json\/wp\/v2\/types\/page"}],"author":[{"embeddable":true,"href":"https:\/\/gemse.org\/sl\/wp-json\/wp\/v2\/users\/1"}],"replies":[{"embeddable":true,"href":"https:\/\/gemse.org\/sl\/wp-json\/wp\/v2\/comments?post=76"}],"version-history":[{"count":22,"href":"https:\/\/gemse.org\/sl\/wp-json\/wp\/v2\/pages\/76\/revisions"}],"predecessor-version":[{"id":2261,"href":"https:\/\/gemse.org\/sl\/wp-json\/wp\/v2\/pages\/76\/revisions\/2261"}],"up":[{"embeddable":true,"href":"https:\/\/gemse.org\/sl\/wp-json\/wp\/v2\/pages\/69"}],"wp:attachment":[{"href":"https:\/\/gemse.org\/sl\/wp-json\/wp\/v2\/media?parent=76"}],"curies":[{"name":"wp","href":"https:\/\/api.w.org\/{rel}","templated":true}]}}