{"id":94,"date":"2021-11-05T20:30:09","date_gmt":"2021-11-05T19:30:09","guid":{"rendered":"https:\/\/gemse.noblogs.org\/?page_id=94"},"modified":"2026-03-27T15:14:06","modified_gmt":"2026-03-27T14:14:06","slug":"kontakt","status":"publish","type":"page","link":"https:\/\/gemse.org\/sl\/kontakt\/","title":{"rendered":"Kontaktirajte nas"},"content":{"rendered":"<p>\u010ce \u017eelite pri nas rezervirati sobo, nam pi\u0161ite na: <a href=\"mailto:gemse_buchen[at]riseup[dot]net\" target=\"_blank\" rel=\"noopener\">gemse_buchen[at]riseup[dot]net<\/a>.<\/p>\n<p>\u010ce se \u017eelite naro\u010diti na na\u0161e e-novice, kliknite <a href=\"https:\/\/postwurf.mur.at\/subscription\/IXUkSECrbP?locale=en-US\" target=\"_blank\" rel=\"noopener\">tukaj<\/a>; \u010de imate kakr\u0161na koli vpra\u0161anja, pi\u0161ite na <a href=\"mailto:gemse_gailtal@riseup.net\">gemse_gailtal[at]riseup[dot]net<\/a>.<\/p>\n<p>Na <a href=\"https:\/\/www.facebook.com\/gemse%20gailtal\">Facebooku<\/a> in <a href=\"https:\/\/www.instagram.com\/gemse_gailtal\/\">Instagramu<\/a> pa nas lahko najdete tukaj.<\/p>\n<p>GemSe &#8211; Gemeinsam Sein (Biti skupaj)<br \/>\nWertschach\/Dvor\u010de 15<br \/>\n9612 N\u00f6tsch im Gailtal\/\u010cajna v Ziljski dolini<br \/>\nK\u00e4rnten\/ Koro\u0161ka<br \/>\nAvstrija<\/p>\n<p class=\"Textbody\"><a href=\"https:\/\/www.openstreetmap.org\/?mlat=46.6082&#038;mlon=13.5915#map=13\/46.6082\/13.5915\">Prika\u017ei na zemljevidu<\/a><\/p>\n<h2><span class=\"--l --r sentence_highlight\">Pristop<\/span><\/h2>\n<p><img loading=\"lazy\" decoding=\"async\" class=\"aligncenter wp-image-476 size-full\" src=\"https:\/\/gemse.org\/wp-content\/uploads\/2023\/05\/Anfahrtsplan.png\" alt=\"Skica pot do GemSe.\" width=\"1600\" height=\"1131\" srcset=\"https:\/\/gemse.org\/wp-content\/uploads\/2023\/05\/Anfahrtsplan.png 1600w, https:\/\/gemse.org\/wp-content\/uploads\/2023\/05\/Anfahrtsplan-300x212.png 300w, https:\/\/gemse.org\/wp-content\/uploads\/2023\/05\/Anfahrtsplan-1024x724.png 1024w, https:\/\/gemse.org\/wp-content\/uploads\/2023\/05\/Anfahrtsplan-768x543.png 768w, https:\/\/gemse.org\/wp-content\/uploads\/2023\/05\/Anfahrtsplan-1536x1086.png 1536w\" sizes=\"auto, (max-width: 1600px) 100vw, 1600px\" \/><\/p>\n<p>Z <strong>vlakom<\/strong> se pripeljite do \u010cajne in nato pojdite z GOMobilom do GemSe.<\/p>\n<blockquote><p><strong>Stro\u0161ki:<\/strong> GOMobil je neprofitna storitev in stane 2 \u20ac s klimatsko vozovnico, 3,80 \u20ac z &#8220;Fahrschein&#8221; in 5,20 \u20ac neposredno v GOMobilu.<br \/>\n<strong>Vo\u017enje:<\/strong> vozi od ponedeljka do \u010detrtka od 8:00 do 23:00, v petek od 8:00 do 24:00, v soboto od 9:00 do 24:00 ter v nedeljo in na praznike od 9:00 do 22:00.<br \/>\n<strong>Ve\u010d informacij na:<\/strong> <a href=\"https:\/\/www.gomobil.at\/\">www.gomobil.at<\/a><br \/>\n<strong>Rezervacije:<\/strong> Najmanj 1 uro pred prihodom na \u0161tevilki<br \/>\n<a href=\"tel:+436646036039611\">+43 664 6036039611<\/a><\/p><\/blockquote>\n<p>Z <strong>avtomobilom<\/strong> se peljete po avtocesti A2 v smeri Italije, izhod Hermagor, v smeri Hermagor. Pri N\u00f6tsch zavijete desno in nadaljujete v smeri Bad Bleiberg, nato zavijete levo v smeri Labientschach. Nadaljujete skozi St. Georgen do Wertschach.<\/p>\n","protected":false},"excerpt":{"rendered":"<p>\u010ce \u017eelite pri nas rezervirati sobo, nam pi\u0161ite na: gemse_buchen[at]riseup[dot]net. \u010ce se \u017eelite naro\u010diti na na\u0161e e-novice, kliknite tukaj; \u010de imate kakr\u0161na koli vpra\u0161anja, pi\u0161ite na gemse_gailtal[at]riseup[dot]net. Na Facebooku in Instagramu pa nas lahko najdete tukaj. GemSe &#8211; Gemeinsam Sein (Biti skupaj) Wertschach\/Dvor\u010de 15 9612 N\u00f6tsch im Gailtal\/\u010cajna v Ziljski dolini K\u00e4rnten\/ Koro\u0161ka Avstrija Prika\u017ei [&hellip;]<\/p>\n","protected":false},"author":1,"featured_media":0,"parent":0,"menu_order":0,"comment_status":"closed","ping_status":"closed","template":"","meta":{"_eb_attr":"","footnotes":""},"class_list":["post-94","page","type-page","status-publish","hentry"],"_links":{"self":[{"href":"https:\/\/gemse.org\/sl\/wp-json\/wp\/v2\/pages\/94","targetHints":{"allow":["GET"]}}],"collection":[{"href":"https:\/\/gemse.org\/sl\/wp-json\/wp\/v2\/pages"}],"about":[{"href":"https:\/\/gemse.org\/sl\/wp-json\/wp\/v2\/types\/page"}],"author":[{"embeddable":true,"href":"https:\/\/gemse.org\/sl\/wp-json\/wp\/v2\/users\/1"}],"replies":[{"embeddable":true,"href":"https:\/\/gemse.org\/sl\/wp-json\/wp\/v2\/comments?post=94"}],"version-history":[{"count":70,"href":"https:\/\/gemse.org\/sl\/wp-json\/wp\/v2\/pages\/94\/revisions"}],"predecessor-version":[{"id":2270,"href":"https:\/\/gemse.org\/sl\/wp-json\/wp\/v2\/pages\/94\/revisions\/2270"}],"wp:attachment":[{"href":"https:\/\/gemse.org\/sl\/wp-json\/wp\/v2\/media?parent=94"}],"curies":[{"name":"wp","href":"https:\/\/api.w.org\/{rel}","templated":true}]}}